{"id":1504,"date":"2019-06-04T05:22:09","date_gmt":"2019-06-04T09:22:09","guid":{"rendered":"http:\/\/cmclogistics.ca\/nos-solutions\/transport-international-integre\/services-importation-exportation\/"},"modified":"2019-06-15T04:13:02","modified_gmt":"2019-06-15T08:13:02","slug":"services-importation-exportation","status":"publish","type":"page","link":"http:\/\/www.cmclogistics.ca\/fr\/nos-solutions\/transport-international-integre\/services-importation-exportation\/","title":{"rendered":"Services Importation &#038; Exportation"},"content":{"rendered":"<p><div class=\"fusion-fullwidth fullwidth-box fusion-parallax-none nonhundred-percent-fullwidth non-hundred-percent-height-scrolling\"  style='background-color: rgba(255,255,255,0);background-image: url(\"http:\/\/cmclogistics.ca\/wp-content\/uploads\/2019\/05\/integrated-international-shipping.jpg\");background-position: center bottom;background-repeat: no-repeat;padding-top:190px;padding-right:0px;padding-bottom:0px;padding-left:0px;-webkit-background-size:cover;-moz-background-size:cover;-o-background-size:cover;background-size:cover;'><div class=\"fusion-builder-row fusion-row \"><div  class=\"fusion-layout-column fusion_builder_column fusion_builder_column_1_1 fusion-builder-column-1 fusion-one-full fusion-column-first fusion-column-last 1_1\"  style='margin-top:0px;margin-bottom:0px;'>\n\t\t\t\t\t<div class=\"fusion-column-wrapper\" style=\"padding: 0px 0px 0px 0px;background-position:left top;background-repeat:no-repeat;-webkit-background-size:cover;-moz-background-size:cover;-o-background-size:cover;background-size:cover;\"   data-bg-url=\"\">\n\t\t\t\t\t\t<div class=\"fusion-sep-clear\"><\/div><div class=\"fusion-separator fusion-no-large-visibility fusion-full-width-sep sep-none\" style=\"margin-left: auto;margin-right: auto;margin-top:30px;\"><\/div><div class=\"fusion-title title fusion-title-1 fusion-sep-none fusion-title-size-one\" style=\"margin-top:0px;margin-bottom:31px;\"><h1 class=\"title-heading-left\" style=\"margin:0;color:#ffffff;\">Importation &#038; Exportation<\/h1><\/div><div class=\"fusion-clearfix\"><\/div>\n\n\t\t\t\t\t<\/div>\n\t\t\t\t<\/div><\/div><\/div><div class=\"fusion-fullwidth fullwidth-box nonhundred-percent-fullwidth non-hundred-percent-height-scrolling\"  style='background-color: #e6f0f6;background-position: center center;background-repeat: no-repeat;padding-top:80px;padding-right:0px;padding-bottom:80px;padding-left:0px;'><div class=\"fusion-builder-row fusion-row \"><div  data-animationType=fadeInLeft data-animationDuration=0.6 data-animationOffset=100% class=\"fusion-layout-column fusion_builder_column fusion_builder_column_1_2 fusion-builder-column-2 fusion-one-half fusion-column-first fusion-column-no-min-height fusion-animated 1_2\"  style='margin-top:0px;margin-bottom:0px;width:50%;width:calc(50% - ( ( 4% ) * 0.5 ) );margin-right: 4%;'>\n\t\t\t\t\t<div class=\"fusion-column-wrapper\" style=\"padding: 0px 0px 0px 0px;background-position:left top;background-repeat:no-repeat;-webkit-background-size:cover;-moz-background-size:cover;-o-background-size:cover;background-size:cover;\"   data-bg-url=\"\">\n\t\t\t\t\t\t<div class=\"fusion-title title fusion-title-2 fusion-sep-none fusion-title-size-two\" style=\"margin-top:0px;margin-bottom:31px;\"><h2 class=\"title-heading-left\" style=\"margin:0;\">Importation &#038; Exportation<\/h2><\/div><div class=\"fusion-text\"><p style=\"font-size: 21px;\">Du d\u00e9douanement \u00e0 la pr\u00e9paration de documents et de certifications n\u00e9cessaires au transport de marchandises, nous sommes l\u00e0 pour nos clients.<\/p>\n<p>Notre expertise et nos connaissances des l\u00e9gislations et r\u00e9glementations sont \u00e0 la disposition de notre client\u00e8le afin de r\u00e9duire le risque d\u2019impr\u00e9vus et de maximiser les opportunit\u00e9s li\u00e9es au commerce international. <\/p>\n<ul>\n<li>D\u00e9douanement<\/li>\n<li>Soumissions de Manifestes Avanc\u00e9s<\/li>\n<li>Certifications d&rsquo;Exportation\/Importation<\/li>\n<li>Assurance de Marchandise<\/li>\n<\/ul>\n<p>CMC entretient des relations \u00e9troites avec tous les principaux transporteurs du march\u00e9 depuis longtemps, offrant un niveau de service et de prix imbattable.<\/p>\n<\/div><div class=\"fusion-sep-clear\"><\/div><div class=\"fusion-separator fusion-no-large-visibility fusion-full-width-sep sep-none\" style=\"margin-left: auto;margin-right: auto;margin-top:120px;margin-bottom:20px;\"><\/div><div class=\"fusion-clearfix\"><\/div>\n\n\t\t\t\t\t<\/div>\n\t\t\t\t<\/div><div  data-animationType=fadeInUp data-animationDuration=0.6 data-animationOffset=100% class=\"fusion-layout-column fusion_builder_column fusion_builder_column_1_2 fusion-builder-column-3 fusion-one-half fusion-column-last fusion-blend-mode fusion-column-no-min-height fusion-animated 1_2\"  style='margin-top:-105px;margin-bottom:0px;width:50%;width:calc(50% - ( ( 4% ) * 0.5 ) );'>\n\t\t\t\t\t<div class=\"fusion-column-wrapper\" style=\"background-color:#ffffff;overflow:hidden;border-radius:10px 10px 10px 10px;box-shadow: 0px 25px 20px  rgba(61,61,61,0.1);padding: 40px 40px 40px 40px;background-position:left top;background-repeat:no-repeat;-webkit-background-size:cover;-moz-background-size:cover;-o-background-size:cover;background-size:cover;border-radius:10px 10px 10px 10px;\"   data-bg-url=\"\">\n\t\t\t\t\t\t<div class=\"fusion-title title fusion-title-3 fusion-sep-none fusion-title-center fusion-title-size-three\" style=\"margin-top:0px;margin-bottom:31px;\"><h3 class=\"title-heading-center\" style=\"margin:0;\">Get a quote NOW!<\/h3><\/div><div class=\"fusion-text\"><p style=\"text-align: center;\">Contactez-nous maintenant pour un devis rapide et gratuit<\/p>\n<\/div>\n<div class=\"wpcf7 no-js\" id=\"wpcf7-f1968-o1\" lang=\"fr-CA\" dir=\"ltr\" data-wpcf7-id=\"1968\">\n<div class=\"screen-reader-response\"><p role=\"status\" aria-live=\"polite\" aria-atomic=\"true\"><\/p> <ul><\/ul><\/div>\n<form action=\"\/fr\/wp-json\/wp\/v2\/pages\/1504#wpcf7-f1968-o1\" method=\"post\" class=\"wpcf7-form init\" aria-label=\"Contact form\" novalidate=\"novalidate\" data-status=\"init\">\n<div style=\"display: none;\">\n<input type=\"hidden\" name=\"_wpcf7\" value=\"1968\" \/>\n<input type=\"hidden\" name=\"_wpcf7_version\" value=\"6.0.2\" \/>\n<input type=\"hidden\" name=\"_wpcf7_locale\" value=\"fr_CA\" \/>\n<input type=\"hidden\" name=\"_wpcf7_unit_tag\" value=\"wpcf7-f1968-o1\" \/>\n<input type=\"hidden\" name=\"_wpcf7_container_post\" value=\"0\" \/>\n<input type=\"hidden\" name=\"_wpcf7_posted_data_hash\" value=\"\" \/>\n<input type=\"hidden\" name=\"_wpcf7_recaptcha_response\" value=\"\" \/>\n<\/div>\n<p><label> Votre nom (obligatoire)<br \/>\n<span class=\"wpcf7-form-control-wrap\" data-name=\"your-name\"><input size=\"40\" maxlength=\"400\" class=\"wpcf7-form-control wpcf7-text wpcf7-validates-as-required\" aria-required=\"true\" aria-invalid=\"false\" value=\"\" type=\"text\" name=\"your-name\" \/><\/span> <\/label>\n<\/p>\n<p><label> Votre email (obligatoire)<br \/>\n<span class=\"wpcf7-form-control-wrap\" data-name=\"your-email\"><input size=\"40\" maxlength=\"400\" class=\"wpcf7-form-control wpcf7-email wpcf7-validates-as-required wpcf7-text wpcf7-validates-as-email\" aria-required=\"true\" aria-invalid=\"false\" value=\"\" type=\"email\" name=\"your-email\" \/><\/span> <\/label>\n<\/p>\n<p><label> Votre message<br \/>\n<span class=\"wpcf7-form-control-wrap\" data-name=\"your-message\"><textarea cols=\"40\" rows=\"10\" maxlength=\"2000\" class=\"wpcf7-form-control wpcf7-textarea\" aria-invalid=\"false\" name=\"your-message\"><\/textarea><\/span> <\/label>\n<\/p>\n<p><input class=\"wpcf7-form-control wpcf7-submit has-spinner\" type=\"submit\" value=\"Envoyer\" \/>\n<\/p><div class=\"fusion-alert alert custom alert-custom fusion-alert-center alert-dismissable wpcf7-response-output\" style=\"border-width:0px;\"><button style=\"color:;border-color:;\" type=\"button\" class=\"close toggle-alert\" data-dismiss=\"alert\" aria-hidden=\"true\">&times;<\/button><div class=\"fusion-alert-content-wrapper\"><span class=\"fusion-alert-content\"><\/span><\/div><\/div>\n<\/form>\n<\/div>\n<div class=\"fusion-clearfix\"><\/div>\n\n\t\t\t\t\t<\/div>\n\t\t\t\t<\/div><\/div><\/div><div class=\"fusion-fullwidth fullwidth-box fusion-parallax-none nonhundred-percent-fullwidth non-hundred-percent-height-scrolling fusion-equal-height-columns\"  style='background-color: rgba(255,255,255,0);background-image: url(\"http:\/\/cmclogistics.ca\/wp-content\/uploads\/2019\/05\/get-a-quote.jpg\");background-position: center center;background-repeat: no-repeat;padding-top:60px;padding-right:0px;padding-bottom:60px;padding-left:0px;-webkit-background-size:cover;-moz-background-size:cover;-o-background-size:cover;background-size:cover;'><div class=\"fusion-builder-row fusion-row \"><div  data-animationType=fadeInLeft data-animationDuration=0.6 data-animationOffset=100% class=\"fusion-layout-column fusion_builder_column fusion_builder_column_2_3 fusion-builder-column-4 fusion-two-third fusion-column-first fusion-animated 2_3\"  style='margin-top:0px;margin-bottom:0px;width:66.66%;width:calc(66.66% - ( ( 4% ) * 0.6666 ) );margin-right: 4%;'>\n\t\t\t\t\t<div class=\"fusion-column-wrapper\" style=\"padding: 0px 0px 0px 0px;background-position:left top;background-repeat:no-repeat;-webkit-background-size:cover;-moz-background-size:cover;-o-background-size:cover;background-size:cover;\"   data-bg-url=\"\">\n\t\t\t\t\t\t<div class=\"fusion-column-content-centered\"><div class=\"fusion-column-content\"><div class=\"fusion-title title fusion-title-4 fusion-sep-none fusion-title-size-two\" style=\"margin-top:0px;margin-bottom:0px;\"><h2 class=\"title-heading-left\" style=\"margin:0;color:#ffffff;\">Contactez nous<\/h2><\/div><div class=\"fusion-title title fusion-title-5 fusion-sep-none fusion-title-size-three\" style=\"font-size:21px;margin-top:0px;margin-bottom:0px;\"><h3 class=\"title-heading-left\" style=\"margin:0;font-size:1em;color:#ffffff;\">Nous sommes impatients de vous entendre.<\/h3><\/div><\/div><\/div><div class=\"fusion-clearfix\"><\/div>\n\n\t\t\t\t\t<\/div>\n\t\t\t\t<\/div><div  data-animationType=fadeInRight data-animationDuration=0.6 data-animationOffset=100% class=\"fusion-layout-column fusion_builder_column fusion_builder_column_1_3 fusion-builder-column-5 fusion-one-third fusion-column-last fusion-column-inner-bg-wrapper fusion-animated 1_3\"  style='margin-top:0px;margin-bottom:0px;width:33.33%;width:calc(33.33% - ( ( 4% ) * 0.3333 ) );'>\n\t\t\t\t\t<div class=\"fusion-column-wrapper\" style=\"padding: 0px 0px 0px 0px;\" data-bg-url=\"\">\n\t\t\t\t\t\t<div class=\"fusion-column-content-centered\"><div class=\"fusion-column-content\"><ul class=\"fusion-checklist fusion-checklist-1\" style=\"font-size:30px;line-height:51px;\"><li class=\"fusion-li-item\"><span style=\"height:51px;width:51px;margin-right:21px;\" class=\"icon-wrapper circle-no\"><i class=\"fusion-li-icon fa-phone fas\" style=\"color:#ffffff;\"><\/i><\/span><div class=\"fusion-li-item-content\" style=\"margin-left:72px;\"><span style=\"color: #ffffff;\">+1 514-439-4747<\/span><\/div><\/li><\/ul><\/div><\/div><div class=\"fusion-clearfix\"><\/div>\n\t\t\t\t\t<\/div><span class=\"fusion-column-inner-bg hover-type-none\" >\n\t\t\t\t\t\t<a href=\"tel:0015144394747\" aria-label=\"\">\n\t\t\t\t\t\t\t<span class=\"fusion-column-inner-bg-image\"  style=\"background-position:left top;background-repeat:no-repeat;-webkit-background-size:cover;-moz-background-size:cover;-o-background-size:cover;background-size:cover;\"><\/span><\/a>\n\t\t\t\t\t<\/span>\n\t\t\t\t<\/div><\/div><\/div><\/p>\n","protected":false},"excerpt":{"rendered":"","protected":false},"author":1,"featured_media":0,"parent":1489,"menu_order":4,"comment_status":"closed","ping_status":"closed","template":"100-width.php","meta":{"footnotes":""},"class_list":["post-1504","page","type-page","status-publish","hentry"],"yoast_head":"<!-- This site is optimized with the Yoast SEO plugin v24.2 - https:\/\/yoast.com\/wordpress\/plugins\/seo\/ -->\n<title>Services Importation &amp; Exportation | CMC Worldwide Logistics<\/title>\n<meta name=\"description\" content=\"Du d\u00e9douanement \u00e0 la pr\u00e9paration de documents et de certifications n\u00e9cessaires au transport de marchandises, nous sommes l\u00e0 pour nos clients.\" \/>\n<meta name=\"robots\" content=\"index, follow, max-snippet:-1, max-image-preview:large, max-video-preview:-1\" \/>\n<link rel=\"canonical\" href=\"http:\/\/www.cmclogistics.ca\/fr\/nos-solutions\/transport-international-integre\/services-importation-exportation\/\" \/>\n<meta property=\"og:locale\" content=\"fr_CA\" \/>\n<meta property=\"og:type\" content=\"article\" \/>\n<meta property=\"og:title\" content=\"Services Importation &amp; Exportation | CMC Worldwide Logistics\" \/>\n<meta property=\"og:description\" content=\"Du d\u00e9douanement \u00e0 la pr\u00e9paration de documents et de certifications n\u00e9cessaires au transport de marchandises, nous sommes l\u00e0 pour nos clients.\" \/>\n<meta property=\"og:url\" content=\"http:\/\/www.cmclogistics.ca\/fr\/nos-solutions\/transport-international-integre\/services-importation-exportation\/\" \/>\n<meta property=\"og:site_name\" content=\"CMC Worldwide Logistics\" \/>\n<meta property=\"article:modified_time\" content=\"2019-06-15T08:13:02+00:00\" \/>\n<meta name=\"twitter:card\" content=\"summary_large_image\" \/>\n<meta name=\"twitter:label1\" content=\"Estimation du temps de lecture\" \/>\n\t<meta name=\"twitter:data1\" content=\"7 minutes\" \/>\n<script type=\"application\/ld+json\" class=\"yoast-schema-graph\">{\"@context\":\"https:\/\/schema.org\",\"@graph\":[{\"@type\":\"WebPage\",\"@id\":\"http:\/\/www.cmclogistics.ca\/fr\/nos-solutions\/transport-international-integre\/services-importation-exportation\/\",\"url\":\"http:\/\/www.cmclogistics.ca\/fr\/nos-solutions\/transport-international-integre\/services-importation-exportation\/\",\"name\":\"Services Importation & Exportation | CMC Worldwide Logistics\",\"isPartOf\":{\"@id\":\"http:\/\/www.cmclogistics.ca\/fr\/#website\"},\"datePublished\":\"2019-06-04T09:22:09+00:00\",\"dateModified\":\"2019-06-15T08:13:02+00:00\",\"description\":\"Du d\u00e9douanement \u00e0 la pr\u00e9paration de documents et de certifications n\u00e9cessaires au transport de marchandises, nous sommes l\u00e0 pour nos clients.\",\"breadcrumb\":{\"@id\":\"http:\/\/www.cmclogistics.ca\/fr\/nos-solutions\/transport-international-integre\/services-importation-exportation\/#breadcrumb\"},\"inLanguage\":\"fr-CA\",\"potentialAction\":[{\"@type\":\"ReadAction\",\"target\":[\"http:\/\/www.cmclogistics.ca\/fr\/nos-solutions\/transport-international-integre\/services-importation-exportation\/\"]}]},{\"@type\":\"BreadcrumbList\",\"@id\":\"http:\/\/www.cmclogistics.ca\/fr\/nos-solutions\/transport-international-integre\/services-importation-exportation\/#breadcrumb\",\"itemListElement\":[{\"@type\":\"ListItem\",\"position\":1,\"name\":\"Home\",\"item\":\"https:\/\/www.cmclogistics.ca\/fr\/\"},{\"@type\":\"ListItem\",\"position\":2,\"name\":\"Nos solutions\",\"item\":\"https:\/\/www.cmclogistics.ca\/fr\/nos-solutions\/\"},{\"@type\":\"ListItem\",\"position\":3,\"name\":\"Transport international int\u00e9gr\u00e9\",\"item\":\"https:\/\/www.cmclogistics.ca\/fr\/nos-solutions\/transport-international-integre\/\"},{\"@type\":\"ListItem\",\"position\":4,\"name\":\"Services Importation &#038; Exportation\"}]},{\"@type\":\"WebSite\",\"@id\":\"http:\/\/www.cmclogistics.ca\/fr\/#website\",\"url\":\"http:\/\/www.cmclogistics.ca\/fr\/\",\"name\":\"CMC Worldwide Logistics\",\"description\":\"Worldwide logistic and Fowarder services\",\"potentialAction\":[{\"@type\":\"SearchAction\",\"target\":{\"@type\":\"EntryPoint\",\"urlTemplate\":\"http:\/\/www.cmclogistics.ca\/fr\/?s={search_term_string}\"},\"query-input\":{\"@type\":\"PropertyValueSpecification\",\"valueRequired\":true,\"valueName\":\"search_term_string\"}}],\"inLanguage\":\"fr-CA\"}]}<\/script>\n<!-- \/ Yoast SEO plugin. -->","yoast_head_json":{"title":"Services Importation & Exportation | CMC Worldwide Logistics","description":"Du d\u00e9douanement \u00e0 la pr\u00e9paration de documents et de certifications n\u00e9cessaires au transport de marchandises, nous sommes l\u00e0 pour nos clients.","robots":{"index":"index","follow":"follow","max-snippet":"max-snippet:-1","max-image-preview":"max-image-preview:large","max-video-preview":"max-video-preview:-1"},"canonical":"http:\/\/www.cmclogistics.ca\/fr\/nos-solutions\/transport-international-integre\/services-importation-exportation\/","og_locale":"fr_CA","og_type":"article","og_title":"Services Importation & Exportation | CMC Worldwide Logistics","og_description":"Du d\u00e9douanement \u00e0 la pr\u00e9paration de documents et de certifications n\u00e9cessaires au transport de marchandises, nous sommes l\u00e0 pour nos clients.","og_url":"http:\/\/www.cmclogistics.ca\/fr\/nos-solutions\/transport-international-integre\/services-importation-exportation\/","og_site_name":"CMC Worldwide Logistics","article_modified_time":"2019-06-15T08:13:02+00:00","twitter_card":"summary_large_image","twitter_misc":{"Estimation du temps de lecture":"7 minutes"},"schema":{"@context":"https:\/\/schema.org","@graph":[{"@type":"WebPage","@id":"http:\/\/www.cmclogistics.ca\/fr\/nos-solutions\/transport-international-integre\/services-importation-exportation\/","url":"http:\/\/www.cmclogistics.ca\/fr\/nos-solutions\/transport-international-integre\/services-importation-exportation\/","name":"Services Importation & Exportation | CMC Worldwide Logistics","isPartOf":{"@id":"http:\/\/www.cmclogistics.ca\/fr\/#website"},"datePublished":"2019-06-04T09:22:09+00:00","dateModified":"2019-06-15T08:13:02+00:00","description":"Du d\u00e9douanement \u00e0 la pr\u00e9paration de documents et de certifications n\u00e9cessaires au transport de marchandises, nous sommes l\u00e0 pour nos clients.","breadcrumb":{"@id":"http:\/\/www.cmclogistics.ca\/fr\/nos-solutions\/transport-international-integre\/services-importation-exportation\/#breadcrumb"},"inLanguage":"fr-CA","potentialAction":[{"@type":"ReadAction","target":["http:\/\/www.cmclogistics.ca\/fr\/nos-solutions\/transport-international-integre\/services-importation-exportation\/"]}]},{"@type":"BreadcrumbList","@id":"http:\/\/www.cmclogistics.ca\/fr\/nos-solutions\/transport-international-integre\/services-importation-exportation\/#breadcrumb","itemListElement":[{"@type":"ListItem","position":1,"name":"Home","item":"https:\/\/www.cmclogistics.ca\/fr\/"},{"@type":"ListItem","position":2,"name":"Nos solutions","item":"https:\/\/www.cmclogistics.ca\/fr\/nos-solutions\/"},{"@type":"ListItem","position":3,"name":"Transport international int\u00e9gr\u00e9","item":"https:\/\/www.cmclogistics.ca\/fr\/nos-solutions\/transport-international-integre\/"},{"@type":"ListItem","position":4,"name":"Services Importation &#038; Exportation"}]},{"@type":"WebSite","@id":"http:\/\/www.cmclogistics.ca\/fr\/#website","url":"http:\/\/www.cmclogistics.ca\/fr\/","name":"CMC Worldwide Logistics","description":"Worldwide logistic and Fowarder services","potentialAction":[{"@type":"SearchAction","target":{"@type":"EntryPoint","urlTemplate":"http:\/\/www.cmclogistics.ca\/fr\/?s={search_term_string}"},"query-input":{"@type":"PropertyValueSpecification","valueRequired":true,"valueName":"search_term_string"}}],"inLanguage":"fr-CA"}]}},"_links":{"self":[{"href":"http:\/\/www.cmclogistics.ca\/fr\/wp-json\/wp\/v2\/pages\/1504","targetHints":{"allow":["GET"]}}],"collection":[{"href":"http:\/\/www.cmclogistics.ca\/fr\/wp-json\/wp\/v2\/pages"}],"about":[{"href":"http:\/\/www.cmclogistics.ca\/fr\/wp-json\/wp\/v2\/types\/page"}],"author":[{"embeddable":true,"href":"http:\/\/www.cmclogistics.ca\/fr\/wp-json\/wp\/v2\/users\/1"}],"replies":[{"embeddable":true,"href":"http:\/\/www.cmclogistics.ca\/fr\/wp-json\/wp\/v2\/comments?post=1504"}],"version-history":[{"count":0,"href":"http:\/\/www.cmclogistics.ca\/fr\/wp-json\/wp\/v2\/pages\/1504\/revisions"}],"up":[{"embeddable":true,"href":"http:\/\/www.cmclogistics.ca\/fr\/wp-json\/wp\/v2\/pages\/1489"}],"wp:attachment":[{"href":"http:\/\/www.cmclogistics.ca\/fr\/wp-json\/wp\/v2\/media?parent=1504"}],"curies":[{"name":"wp","href":"https:\/\/api.w.org\/{rel}","templated":true}]}}