{"id":1466,"date":"2019-06-04T03:33:56","date_gmt":"2019-06-04T07:33:56","guid":{"rendered":"http:\/\/cmclogistics.ca\/a-propos\/"},"modified":"2019-07-19T06:13:07","modified_gmt":"2019-07-19T10:13:07","slug":"a-propos","status":"publish","type":"page","link":"http:\/\/www.cmclogistics.ca\/fr\/a-propos\/","title":{"rendered":"\u00c0 propos"},"content":{"rendered":"<p><div class=\"fusion-fullwidth fullwidth-box fusion-parallax-none nonhundred-percent-fullwidth non-hundred-percent-height-scrolling\"  style='background-color: rgba(255,255,255,0);background-image: url(\"http:\/\/cmclogistics.ca\/wp-content\/uploads\/2019\/05\/integrated-international-shipping.jpg\");background-position: right bottom;background-repeat: no-repeat;padding-top:190px;padding-right:0px;padding-bottom:0px;padding-left:0px;-webkit-background-size:cover;-moz-background-size:cover;-o-background-size:cover;background-size:cover;'><div class=\"fusion-builder-row fusion-row \"><div  class=\"fusion-layout-column fusion_builder_column fusion_builder_column_1_1 fusion-builder-column-1 fusion-one-full fusion-column-first fusion-column-last 1_1\"  style='margin-top:0px;margin-bottom:0px;'>\n\t\t\t\t\t<div class=\"fusion-column-wrapper\" style=\"padding: 0px 0px 0px 0px;background-position:left top;background-repeat:no-repeat;-webkit-background-size:cover;-moz-background-size:cover;-o-background-size:cover;background-size:cover;\"   data-bg-url=\"\">\n\t\t\t\t\t\t<div class=\"fusion-sep-clear\"><\/div><div class=\"fusion-separator fusion-no-large-visibility fusion-full-width-sep sep-none\" style=\"margin-left: auto;margin-right: auto;margin-top:30px;\"><\/div><div class=\"fusion-title title fusion-title-1 fusion-sep-none fusion-title-size-one\" style=\"margin-top:0px;margin-bottom:31px;\"><h1 class=\"title-heading-left\" style=\"margin:0;color:#ffffff;\">\u00c0 propos<\/h1><\/div><div class=\"fusion-clearfix\"><\/div>\n\n\t\t\t\t\t<\/div>\n\t\t\t\t<\/div><\/div><\/div><div class=\"fusion-fullwidth fullwidth-box nonhundred-percent-fullwidth non-hundred-percent-height-scrolling\"  style='background-color: rgba(255,255,255,0);background-position: center center;background-repeat: no-repeat;padding-top:40px;padding-right:0px;padding-bottom:40px;padding-left:0px;'><div class=\"fusion-builder-row fusion-row \"><div  data-animationType=fadeInLeft data-animationDuration=0.6 data-animationOffset=100% class=\"fusion-layout-column fusion_builder_column fusion_builder_column_1_1 fusion-builder-column-2 fusion-one-full fusion-column-first fusion-column-last fusion-animated 1_1\"  style='margin-top:0px;margin-bottom:0px;'>\n\t\t\t\t\t<div class=\"fusion-column-wrapper\" style=\"padding: 0px 0px 0px 0px;background-position:left top;background-repeat:no-repeat;-webkit-background-size:cover;-moz-background-size:cover;-o-background-size:cover;background-size:cover;\"   data-bg-url=\"\">\n\t\t\t\t\t\t<div class=\"fusion-text\"><p style=\"font-size: 21px;\">Nous avons un r\u00e9seau logistique mondial, un syst\u00e8me de technologie de l\u2019information de pointe et une \u00e9quipe motiv\u00e9e, exp\u00e9riment\u00e9e et d\u00e9di\u00e9e \u00e0 trouver des solutions sur mesure pour tous vos besoins logistiques. Notre mission est de cr\u00e9er de l\u2019expansion en vous aidant \u00e0 d\u00e9velopper votre entreprise.<\/p>\n<\/div><div class=\"fusion-clearfix\"><\/div>\n\n\t\t\t\t\t<\/div>\n\t\t\t\t<\/div><div  data-animationType=fadeInRight data-animationDuration=0.6 data-animationOffset=100% class=\"fusion-layout-column fusion_builder_column fusion_builder_column_1_1 fusion-builder-column-3 fusion-one-full fusion-column-first fusion-column-last fusion-animated 1_1\"  style='margin-top:0px;margin-bottom:0px;'>\n\t\t\t\t\t<div class=\"fusion-column-wrapper\" style=\"padding: 0px 0px 0px 0px;background-position:left top;background-repeat:no-repeat;-webkit-background-size:cover;-moz-background-size:cover;-o-background-size:cover;background-size:cover;\"   data-bg-url=\"\">\n\t\t\t\t\t\t<div class=\"fusion-text\"><p style=\"font-size: 18px;\">CMC offre une panoplie de services logistiques ax\u00e9s autour des besoins de nos clients. Notre gamme de produits inclut:<\/p>\n<ul>\n<li>Transport multimodal international porte-\u00e0-porte<\/li>\n<li>Entreposage et gestion des commandes<\/li>\n<li>Transport de cargaison surdimensionn\u00e9e<\/li>\n<li>Service de d\u00e9douanement et assurance de fret<\/li>\n<\/ul>\n<\/div><div class=\"fusion-clearfix\"><\/div>\n\n\t\t\t\t\t<\/div>\n\t\t\t\t<\/div><div  data-animationType=fadeInLeft data-animationDuration=0.6 data-animationOffset=100% class=\"fusion-layout-column fusion_builder_column fusion_builder_column_1_1 fusion-builder-column-4 fusion-one-full fusion-column-first fusion-column-last fusion-animated 1_1\"  style='margin-top:0px;margin-bottom:0px;'>\n\t\t\t\t\t<div class=\"fusion-column-wrapper\" style=\"padding: 0px 0px 0px 0px;background-position:left top;background-repeat:no-repeat;-webkit-background-size:cover;-moz-background-size:cover;-o-background-size:cover;background-size:cover;\"   data-bg-url=\"\">\n\t\t\t\t\t\t<div class=\"fusion-text\"><h2 style=\"margin-bottom: 10px;\">Notre Mission<\/h2>\n<p style=\"font-size: 18px;\">Notre mission est de satisfaire nos clients en allant toujours au del\u00e0 de leurs attentes.<\/p>\n<p>Notre objectif \u00e9tant de construire des relations \u00e0 long terme, nous nous assurons que nos \u00e9quipes comprennent les diff\u00e9rents aspects des besoins logistiques de nos clients et leurs objectifs \u00e0 long terme.<\/p>\n<\/div><div class=\"fusion-clearfix\"><\/div>\n\n\t\t\t\t\t<\/div>\n\t\t\t\t<\/div><div  data-animationType=fadeInRight data-animationDuration=0.6 data-animationOffset=100% class=\"fusion-layout-column fusion_builder_column fusion_builder_column_1_1 fusion-builder-column-5 fusion-one-full fusion-column-first fusion-column-last fusion-animated 1_1\"  style='margin-top:0px;margin-bottom:0px;'>\n\t\t\t\t\t<div class=\"fusion-column-wrapper\" style=\"padding: 0px 0px 0px 0px;background-position:left top;background-repeat:no-repeat;-webkit-background-size:cover;-moz-background-size:cover;-o-background-size:cover;background-size:cover;\"   data-bg-url=\"\">\n\t\t\t\t\t\t<div class=\"fusion-text\"><h2 style=\"margin-bottom: 10px;\">Notre Vision<\/h2>\n<p style=\"font-size: 18px;\">Notre vision est de faire partie des entreprises de transport de cargaisons lourdes les plus admir\u00e9es en Am\u00e9rique du Nord.<\/p>\n<p>Nous voulons \u00eatre appr\u00e9ci\u00e9s pour nos services de premi\u00e8re qualit\u00e9 et nos connaissances exceptionnelles.<\/p>\n<\/div><div class=\"fusion-clearfix\"><\/div>\n\n\t\t\t\t\t<\/div>\n\t\t\t\t<\/div><\/div><\/div><div class=\"fusion-fullwidth fullwidth-box fusion-parallax-none nonhundred-percent-fullwidth non-hundred-percent-height-scrolling fusion-equal-height-columns\"  style='background-color: rgba(255,255,255,0);background-image: url(\"http:\/\/cmclogistics.ca\/wp-content\/uploads\/2019\/05\/get-a-quote.jpg\");background-position: center center;background-repeat: no-repeat;padding-top:60px;padding-right:0px;padding-bottom:60px;padding-left:0px;-webkit-background-size:cover;-moz-background-size:cover;-o-background-size:cover;background-size:cover;'><div class=\"fusion-builder-row fusion-row \"><div  data-animationType=fadeInLeft data-animationDuration=0.6 data-animationOffset=100% class=\"fusion-layout-column fusion_builder_column fusion_builder_column_2_3 fusion-builder-column-6 fusion-two-third fusion-column-first fusion-animated 2_3\"  style='margin-top:0px;margin-bottom:0px;width:66.66%;width:calc(66.66% - ( ( 4% ) * 0.6666 ) );margin-right: 4%;'>\n\t\t\t\t\t<div class=\"fusion-column-wrapper\" style=\"padding: 0px 0px 0px 0px;background-position:left top;background-repeat:no-repeat;-webkit-background-size:cover;-moz-background-size:cover;-o-background-size:cover;background-size:cover;\"   data-bg-url=\"\">\n\t\t\t\t\t\t<div class=\"fusion-column-content-centered\"><div class=\"fusion-column-content\"><div class=\"fusion-title title fusion-title-2 fusion-sep-none fusion-title-size-two\" style=\"margin-top:0px;margin-bottom:0px;\"><h2 class=\"title-heading-left\" style=\"margin:0;color:#ffffff;\">Contactez nous<\/h2><\/div><div class=\"fusion-title title fusion-title-3 fusion-sep-none fusion-title-size-three\" style=\"font-size:21px;margin-top:0px;margin-bottom:0px;\"><h3 class=\"title-heading-left\" style=\"margin:0;font-size:1em;color:#ffffff;\">Nous sommes impatients de vous entendre, appelez-nous!<\/h3><\/div><\/div><\/div><div class=\"fusion-clearfix\"><\/div>\n\n\t\t\t\t\t<\/div>\n\t\t\t\t<\/div><div  data-animationType=fadeInRight data-animationDuration=0.6 data-animationOffset=100% class=\"fusion-layout-column fusion_builder_column fusion_builder_column_1_3 fusion-builder-column-7 fusion-one-third fusion-column-last fusion-column-inner-bg-wrapper fusion-animated 1_3\"  style='margin-top:0px;margin-bottom:0px;width:33.33%;width:calc(33.33% - ( ( 4% ) * 0.3333 ) );'>\n\t\t\t\t\t<div class=\"fusion-column-wrapper\" style=\"padding: 0px 0px 0px 0px;\" data-bg-url=\"\">\n\t\t\t\t\t\t<div class=\"fusion-column-content-centered\"><div class=\"fusion-column-content\"><ul class=\"fusion-checklist fusion-checklist-1\" style=\"font-size:30px;line-height:51px;\"><li class=\"fusion-li-item\"><span style=\"height:51px;width:51px;margin-right:21px;\" class=\"icon-wrapper circle-no\"><i class=\"fusion-li-icon fa-phone fas\" style=\"color:#ffffff;\"><\/i><\/span><div class=\"fusion-li-item-content\" style=\"margin-left:72px;\"><span style=\"color: #ffffff;\">+1 514-439-4747<\/span><\/div><\/li><\/ul><\/div><\/div><div class=\"fusion-clearfix\"><\/div>\n\t\t\t\t\t<\/div><span class=\"fusion-column-inner-bg hover-type-none\" >\n\t\t\t\t\t\t<a href=\"tel:0015144394747\" aria-label=\"\">\n\t\t\t\t\t\t\t<span class=\"fusion-column-inner-bg-image\"  style=\"background-position:left top;background-repeat:no-repeat;-webkit-background-size:cover;-moz-background-size:cover;-o-background-size:cover;background-size:cover;\"><\/span><\/a>\n\t\t\t\t\t<\/span>\n\t\t\t\t<\/div><\/div><\/div><\/p>\n","protected":false},"excerpt":{"rendered":"","protected":false},"author":1,"featured_media":0,"parent":0,"menu_order":2,"comment_status":"closed","ping_status":"closed","template":"100-width.php","meta":{"footnotes":""},"class_list":["post-1466","page","type-page","status-publish","hentry"],"yoast_head":"<!-- This site is optimized with the Yoast SEO plugin v24.2 - https:\/\/yoast.com\/wordpress\/plugins\/seo\/ -->\n<title>\u00c0 propos | CMC Worldwide Logistics<\/title>\n<meta name=\"description\" content=\"CMC Logistics est un transitaire international et un agent d\u2019exp\u00e9dition situ\u00e9 \u00e0 Montr\u00e9al au Canada.\" \/>\n<meta name=\"robots\" content=\"index, follow, max-snippet:-1, max-image-preview:large, max-video-preview:-1\" \/>\n<link rel=\"canonical\" href=\"http:\/\/www.cmclogistics.ca\/fr\/a-propos\/\" \/>\n<meta property=\"og:locale\" content=\"fr_CA\" \/>\n<meta property=\"og:type\" content=\"article\" \/>\n<meta property=\"og:title\" content=\"\u00c0 propos | CMC Worldwide Logistics\" \/>\n<meta property=\"og:description\" content=\"CMC Logistics est un transitaire international et un agent d\u2019exp\u00e9dition situ\u00e9 \u00e0 Montr\u00e9al au Canada.\" \/>\n<meta property=\"og:url\" content=\"http:\/\/www.cmclogistics.ca\/fr\/a-propos\/\" \/>\n<meta property=\"og:site_name\" content=\"CMC Worldwide Logistics\" \/>\n<meta property=\"article:modified_time\" content=\"2019-07-19T10:13:07+00:00\" \/>\n<meta name=\"twitter:card\" content=\"summary_large_image\" \/>\n<meta name=\"twitter:label1\" content=\"Estimation du temps de lecture\" \/>\n\t<meta name=\"twitter:data1\" content=\"8 minutes\" \/>\n<script type=\"application\/ld+json\" class=\"yoast-schema-graph\">{\"@context\":\"https:\/\/schema.org\",\"@graph\":[{\"@type\":\"WebPage\",\"@id\":\"http:\/\/www.cmclogistics.ca\/fr\/a-propos\/\",\"url\":\"http:\/\/www.cmclogistics.ca\/fr\/a-propos\/\",\"name\":\"\u00c0 propos | CMC Worldwide Logistics\",\"isPartOf\":{\"@id\":\"http:\/\/www.cmclogistics.ca\/fr\/#website\"},\"datePublished\":\"2019-06-04T07:33:56+00:00\",\"dateModified\":\"2019-07-19T10:13:07+00:00\",\"description\":\"CMC Logistics est un transitaire international et un agent d\u2019exp\u00e9dition situ\u00e9 \u00e0 Montr\u00e9al au Canada.\",\"breadcrumb\":{\"@id\":\"http:\/\/www.cmclogistics.ca\/fr\/a-propos\/#breadcrumb\"},\"inLanguage\":\"fr-CA\",\"potentialAction\":[{\"@type\":\"ReadAction\",\"target\":[\"http:\/\/www.cmclogistics.ca\/fr\/a-propos\/\"]}]},{\"@type\":\"BreadcrumbList\",\"@id\":\"http:\/\/www.cmclogistics.ca\/fr\/a-propos\/#breadcrumb\",\"itemListElement\":[{\"@type\":\"ListItem\",\"position\":1,\"name\":\"Home\",\"item\":\"https:\/\/www.cmclogistics.ca\/fr\/\"},{\"@type\":\"ListItem\",\"position\":2,\"name\":\"\u00c0 propos\"}]},{\"@type\":\"WebSite\",\"@id\":\"http:\/\/www.cmclogistics.ca\/fr\/#website\",\"url\":\"http:\/\/www.cmclogistics.ca\/fr\/\",\"name\":\"CMC Worldwide Logistics\",\"description\":\"Worldwide logistic and Fowarder services\",\"potentialAction\":[{\"@type\":\"SearchAction\",\"target\":{\"@type\":\"EntryPoint\",\"urlTemplate\":\"http:\/\/www.cmclogistics.ca\/fr\/?s={search_term_string}\"},\"query-input\":{\"@type\":\"PropertyValueSpecification\",\"valueRequired\":true,\"valueName\":\"search_term_string\"}}],\"inLanguage\":\"fr-CA\"}]}<\/script>\n<!-- \/ Yoast SEO plugin. -->","yoast_head_json":{"title":"\u00c0 propos | CMC Worldwide Logistics","description":"CMC Logistics est un transitaire international et un agent d\u2019exp\u00e9dition situ\u00e9 \u00e0 Montr\u00e9al au Canada.","robots":{"index":"index","follow":"follow","max-snippet":"max-snippet:-1","max-image-preview":"max-image-preview:large","max-video-preview":"max-video-preview:-1"},"canonical":"http:\/\/www.cmclogistics.ca\/fr\/a-propos\/","og_locale":"fr_CA","og_type":"article","og_title":"\u00c0 propos | CMC Worldwide Logistics","og_description":"CMC Logistics est un transitaire international et un agent d\u2019exp\u00e9dition situ\u00e9 \u00e0 Montr\u00e9al au Canada.","og_url":"http:\/\/www.cmclogistics.ca\/fr\/a-propos\/","og_site_name":"CMC Worldwide Logistics","article_modified_time":"2019-07-19T10:13:07+00:00","twitter_card":"summary_large_image","twitter_misc":{"Estimation du temps de lecture":"8 minutes"},"schema":{"@context":"https:\/\/schema.org","@graph":[{"@type":"WebPage","@id":"http:\/\/www.cmclogistics.ca\/fr\/a-propos\/","url":"http:\/\/www.cmclogistics.ca\/fr\/a-propos\/","name":"\u00c0 propos | CMC Worldwide Logistics","isPartOf":{"@id":"http:\/\/www.cmclogistics.ca\/fr\/#website"},"datePublished":"2019-06-04T07:33:56+00:00","dateModified":"2019-07-19T10:13:07+00:00","description":"CMC Logistics est un transitaire international et un agent d\u2019exp\u00e9dition situ\u00e9 \u00e0 Montr\u00e9al au Canada.","breadcrumb":{"@id":"http:\/\/www.cmclogistics.ca\/fr\/a-propos\/#breadcrumb"},"inLanguage":"fr-CA","potentialAction":[{"@type":"ReadAction","target":["http:\/\/www.cmclogistics.ca\/fr\/a-propos\/"]}]},{"@type":"BreadcrumbList","@id":"http:\/\/www.cmclogistics.ca\/fr\/a-propos\/#breadcrumb","itemListElement":[{"@type":"ListItem","position":1,"name":"Home","item":"https:\/\/www.cmclogistics.ca\/fr\/"},{"@type":"ListItem","position":2,"name":"\u00c0 propos"}]},{"@type":"WebSite","@id":"http:\/\/www.cmclogistics.ca\/fr\/#website","url":"http:\/\/www.cmclogistics.ca\/fr\/","name":"CMC Worldwide Logistics","description":"Worldwide logistic and Fowarder services","potentialAction":[{"@type":"SearchAction","target":{"@type":"EntryPoint","urlTemplate":"http:\/\/www.cmclogistics.ca\/fr\/?s={search_term_string}"},"query-input":{"@type":"PropertyValueSpecification","valueRequired":true,"valueName":"search_term_string"}}],"inLanguage":"fr-CA"}]}},"_links":{"self":[{"href":"http:\/\/www.cmclogistics.ca\/fr\/wp-json\/wp\/v2\/pages\/1466","targetHints":{"allow":["GET"]}}],"collection":[{"href":"http:\/\/www.cmclogistics.ca\/fr\/wp-json\/wp\/v2\/pages"}],"about":[{"href":"http:\/\/www.cmclogistics.ca\/fr\/wp-json\/wp\/v2\/types\/page"}],"author":[{"embeddable":true,"href":"http:\/\/www.cmclogistics.ca\/fr\/wp-json\/wp\/v2\/users\/1"}],"replies":[{"embeddable":true,"href":"http:\/\/www.cmclogistics.ca\/fr\/wp-json\/wp\/v2\/comments?post=1466"}],"version-history":[{"count":1,"href":"http:\/\/www.cmclogistics.ca\/fr\/wp-json\/wp\/v2\/pages\/1466\/revisions"}],"predecessor-version":[{"id":1940,"href":"http:\/\/www.cmclogistics.ca\/fr\/wp-json\/wp\/v2\/pages\/1466\/revisions\/1940"}],"wp:attachment":[{"href":"http:\/\/www.cmclogistics.ca\/fr\/wp-json\/wp\/v2\/media?parent=1466"}],"curies":[{"name":"wp","href":"https:\/\/api.w.org\/{rel}","templated":true}]}}